{"id":751,"date":"2023-05-16T12:29:02","date_gmt":"2023-05-16T12:29:02","guid":{"rendered":"https:\/\/birdsnest.events\/?page_id=751"},"modified":"2025-08-27T08:18:05","modified_gmt":"2025-08-27T08:18:05","slug":"impressum","status":"publish","type":"page","link":"https:\/\/birdsnest.events\/en\/impressum\/","title":{"rendered":"Imprint"},"content":{"rendered":"<div data-elementor-type=\"wp-post\" data-elementor-id=\"751\" class=\"elementor elementor-751\" data-elementor-post-type=\"page\">\n\t\t\t\t<div class=\"elementor-element elementor-element-49a7458 e-con-full e-flex e-con e-parent\" data-id=\"49a7458\" data-element_type=\"container\" data-e-type=\"container\" data-settings=\"{&quot;background_background&quot;:&quot;classic&quot;}\">\n\t\t<div class=\"elementor-element elementor-element-f7af74d e-con-full e-flex e-con e-child\" data-id=\"f7af74d\" data-element_type=\"container\" data-e-type=\"container\">\n\t\t<div class=\"elementor-element elementor-element-ba1cfe5 e-con-full e-flex e-con e-child\" data-id=\"ba1cfe5\" data-element_type=\"container\" data-e-type=\"container\">\n\t\t<div class=\"elementor-element elementor-element-10952f5 e-con-full e-flex e-con e-child\" data-id=\"10952f5\" data-element_type=\"container\" data-e-type=\"container\">\n\t\t\t\t<div class=\"elementor-element elementor-element-ccbf4e2 elementor-widget elementor-widget-heading\" data-id=\"ccbf4e2\" data-element_type=\"widget\" data-e-type=\"widget\" data-widget_type=\"heading.default\">\n\t\t\t\t<div class=\"elementor-widget-container\">\n\t\t\t\t\t<h2 class=\"elementor-heading-title elementor-size-default\">Imprint<\/h2>\t\t\t\t<\/div>\n\t\t\t\t<\/div>\n\t\t\t\t<div class=\"elementor-element elementor-element-8d2dcf3 elementor-widget elementor-widget-heading\" data-id=\"8d2dcf3\" data-element_type=\"widget\" data-e-type=\"widget\" data-widget_type=\"heading.default\">\n\t\t\t\t<div class=\"elementor-widget-container\">\n\t\t\t\t\t<h2 class=\"elementor-heading-title elementor-size-default\">Dry but important<\/h2>\t\t\t\t<\/div>\n\t\t\t\t<\/div>\n\t\t\t\t<div class=\"elementor-element elementor-element-a7de59f elementor-widget-divider--separator-type-pattern elementor-widget-divider--no-spacing elementor-widget-divider--view-line elementor-widget elementor-widget-divider\" data-id=\"a7de59f\" data-element_type=\"widget\" data-e-type=\"widget\" data-widget_type=\"divider.default\">\n\t\t\t\t<div class=\"elementor-widget-container\">\n\t\t\t\t\t\t\t<div class=\"elementor-divider\" style=\"--divider-pattern-url: url(&quot;data:image\/svg+xml,%3Csvg xmlns=&#039;http:\/\/www.w3.org\/2000\/svg&#039; preserveAspectRatio=&#039;xMidYMid meet&#039; overflow=&#039;visible&#039; height=&#039;100%&#039; viewBox=&#039;0 0 126 26&#039; fill=&#039;black&#039; stroke=&#039;none&#039;%3E%3Cpath d=&#039;M3,10.2c2.6,0,2.6,2,2.6,3.2S4.4,16.5,3,16.5s-3-1.4-3-3.2S0.4,10.2,3,10.2z M18.8,10.2c1.7,0,3.2,1.4,3.2,3.2s-1.4,3.2-3.2,3.2c-1.7,0-3.2-1.4-3.2-3.2S17,10.2,18.8,10.2z M34.6,10.2c1.5,0,2.6,1.4,2.6,3.2s-0.5,3.2-1.9,3.2c-1.5,0-3.4-1.4-3.4-3.2S33.1,10.2,34.6,10.2z M50.5,10.2c1.7,0,3.2,1.4,3.2,3.2s-1.4,3.2-3.2,3.2c-1.7,0-3.3-0.9-3.3-2.6S48.7,10.2,50.5,10.2z M66.2,10.2c1.5,0,3.4,1.4,3.4,3.2s-1.9,3.2-3.4,3.2c-1.5,0-2.6-0.4-2.6-2.1S64.8,10.2,66.2,10.2z M82.2,10.2c1.7,0.8,2.6,1.4,2.6,3.2s-0.1,3.2-1.6,3.2c-1.5,0-3.7-1.4-3.7-3.2S80.5,9.4,82.2,10.2zM98.6,10.2c1.5,0,2.6,0.4,2.6,2.1s-1.2,4.2-2.6,4.2c-1.5,0-3.7-0.4-3.7-2.1S97.1,10.2,98.6,10.2z M113.4,10.2c1.2,0,2.2,0.9,2.2,3.2s-0.1,3.2-1.3,3.2s-3.1-1.4-3.1-3.2S112.2,10.2,113.4,10.2z&#039;\/%3E%3C\/svg%3E&quot;);\">\n\t\t\t<span class=\"elementor-divider-separator\">\n\t\t\t\t\t\t<\/span>\n\t\t<\/div>\n\t\t\t\t\t\t<\/div>\n\t\t\t\t<\/div>\n\t\t\t\t<div class=\"elementor-element elementor-element-4032c18 elementor-widget elementor-widget-text-editor\" data-id=\"4032c18\" data-element_type=\"widget\" data-e-type=\"widget\" data-widget_type=\"text-editor.default\">\n\t\t\t\t<div class=\"elementor-widget-container\">\n\t\t\t\t\t\t\t\t\t<p style=\"font-family: Poppins , Poppins;\"><b>Information according to \u00a7 5 TMG<br \/><\/b>Ina J\u00e4ger<br \/>Neustadtscontrescarpe 44<br \/>28199 Bremen<\/p><p><strong>Contact<br \/><\/strong>hello@birdsnest.events<\/p><p><b>Webdesign<br \/><\/b>Finn Faust<\/p><p><strong>Redaktionell verantwortlich<br \/><\/strong>Ina J\u00e4ger<\/p><p><strong>Sales tax ID<br \/><\/strong>Sales tax identification number according to \u00a7 27 a sales tax law: DE60\/233\/06695<\/p><p><strong>Details of professional liability insurance<br \/><\/strong>Name and registered office of the insurer: Hiscox SA, Arnulfstra\u00dfe 31, 80636 Munich, Germany<\/p><p>Area of validity of the insurance: worldwide<\/p><p><strong>EU Dispute Settlement<br \/><\/strong>The European Commission provides a platform for online dispute resolution (OS): <a href=\"https:\/\/ec.europa.eu\/consumers\/odr\/\">https:\/\/ec.europa.eu\/consumers\/odr\/<\/a>. You can find my email address in the imprint above.<\/p><p><strong>Consumer dispute resolution\/universal arbitration board<br \/><\/strong>We are not willing or obliged to participate in dispute resolution proceedings before a consumer arbitration board.<\/p>\t\t\t\t\t\t\t\t<\/div>\n\t\t\t\t<\/div>\n\t\t\t\t<\/div>\n\t\t\t\t<\/div>\n\t\t\t\t<\/div>\n\t\t\t\t<\/div>\n\t\t\t\t<\/div>","protected":false},"excerpt":{"rendered":"<p>Impressum Trocken, aber wichtig Angaben gema\u0308\u00df \u00a7 5 TMGIna J\u00e4gerNeustadtscontrescarpe 4428199 Bremen Kontakthello@birdsnest.events WebdesignFinn Faust Redaktionell verantwortlichIna J\u00e4ger Umsatzsteuer-IDUmsatzsteuer-Identifikationsnummer gem\u00e4\u00df \u00a7 27 a Umsatzsteuergesetz: DE60\/233\/06695 Angaben zur BerufshaftpflichtversicherungName und Sitz des Versicherers: Hiscox SA, Arnulfstra\u00dfe 31, 80636 M\u00fcnchen Geltungsraum der Versicherung: weltweit EU-StreitschlichtungDie Europa\u0308ische Kommission stellt eine Plattform zur Online-Streitbeilegung (OS) bereit: https:\/\/ec.europa.eu\/consumers\/odr\/.\u00a0Meine E-Mail-Adresse findest [&hellip;]<\/p>\n","protected":false},"author":2,"featured_media":1558,"parent":0,"menu_order":0,"comment_status":"closed","ping_status":"closed","template":"","meta":{"footnotes":""},"class_list":["post-751","page","type-page","status-publish","has-post-thumbnail","hentry"],"yoast_head":"<!-- This site is optimized with the Yoast SEO plugin v27.5 - https:\/\/yoast.com\/product\/yoast-seo-wordpress\/ -->\n<title>Impressum | Bird&#039;s Nest Event- und Projektmanagement<\/title>\n<meta name=\"description\" content=\"Hier findest du rechtliche Informationen \u00fcber Bird&#039;s Nest by Ina J\u00e4ger, einschlie\u00dflich Kontaktdaten und Informationen zur Streitbeilegung\" \/>\n<meta name=\"robots\" content=\"index, follow, max-snippet:-1, max-image-preview:large, max-video-preview:-1\" \/>\n<link rel=\"canonical\" href=\"https:\/\/birdsnest.events\/en\/impressum\/\" \/>\n<meta property=\"og:locale\" content=\"en_US\" \/>\n<meta property=\"og:type\" content=\"article\" \/>\n<meta property=\"og:title\" content=\"Impressum | Bird&#039;s Nest Event- und Projektmanagement\" \/>\n<meta property=\"og:description\" content=\"Hier findest du rechtliche Informationen \u00fcber Bird&#039;s Nest by Ina J\u00e4ger, einschlie\u00dflich Kontaktdaten und Informationen zur Streitbeilegung\" \/>\n<meta property=\"og:url\" content=\"https:\/\/birdsnest.events\/en\/impressum\/\" \/>\n<meta property=\"og:site_name\" content=\"birdsnest.events\" \/>\n<meta property=\"article:modified_time\" content=\"2025-08-27T08:18:05+00:00\" \/>\n<meta property=\"og:image\" content=\"https:\/\/birdsnest.events\/wp-content\/uploads\/2023\/06\/cropped-FF_Ina_Logo.png\" \/>\n\t<meta property=\"og:image:width\" content=\"512\" \/>\n\t<meta property=\"og:image:height\" content=\"512\" \/>\n\t<meta property=\"og:image:type\" content=\"image\/png\" \/>\n<meta name=\"twitter:card\" content=\"summary_large_image\" \/>\n<meta name=\"twitter:label1\" content=\"Est. reading time\" \/>\n\t<meta name=\"twitter:data1\" content=\"1 minute\" \/>\n<script type=\"application\/ld+json\" class=\"yoast-schema-graph\">{\"@context\":\"https:\\\/\\\/schema.org\",\"@graph\":[{\"@type\":\"WebPage\",\"@id\":\"https:\\\/\\\/birdsnest.events\\\/impressum\\\/\",\"url\":\"https:\\\/\\\/birdsnest.events\\\/impressum\\\/\",\"name\":\"Impressum | Bird's Nest Event- und Projektmanagement\",\"isPartOf\":{\"@id\":\"https:\\\/\\\/birdsnest.events\\\/#website\"},\"primaryImageOfPage\":{\"@id\":\"https:\\\/\\\/birdsnest.events\\\/impressum\\\/#primaryimage\"},\"image\":{\"@id\":\"https:\\\/\\\/birdsnest.events\\\/impressum\\\/#primaryimage\"},\"thumbnailUrl\":\"https:\\\/\\\/i0.wp.com\\\/birdsnest.events\\\/wp-content\\\/uploads\\\/2023\\\/06\\\/cropped-FF_Ina_Logo.png?fit=512%2C512&ssl=1\",\"datePublished\":\"2023-05-16T12:29:02+00:00\",\"dateModified\":\"2025-08-27T08:18:05+00:00\",\"description\":\"Hier findest du rechtliche Informationen \u00fcber Bird's Nest by Ina J\u00e4ger, einschlie\u00dflich Kontaktdaten und Informationen zur Streitbeilegung\",\"breadcrumb\":{\"@id\":\"https:\\\/\\\/birdsnest.events\\\/impressum\\\/#breadcrumb\"},\"inLanguage\":\"en-US\",\"potentialAction\":[{\"@type\":\"ReadAction\",\"target\":[\"https:\\\/\\\/birdsnest.events\\\/impressum\\\/\"]}]},{\"@type\":\"ImageObject\",\"inLanguage\":\"en-US\",\"@id\":\"https:\\\/\\\/birdsnest.events\\\/impressum\\\/#primaryimage\",\"url\":\"https:\\\/\\\/i0.wp.com\\\/birdsnest.events\\\/wp-content\\\/uploads\\\/2023\\\/06\\\/cropped-FF_Ina_Logo.png?fit=512%2C512&ssl=1\",\"contentUrl\":\"https:\\\/\\\/i0.wp.com\\\/birdsnest.events\\\/wp-content\\\/uploads\\\/2023\\\/06\\\/cropped-FF_Ina_Logo.png?fit=512%2C512&ssl=1\",\"width\":512,\"height\":512,\"caption\":\"Bird's nest Logo\"},{\"@type\":\"BreadcrumbList\",\"@id\":\"https:\\\/\\\/birdsnest.events\\\/impressum\\\/#breadcrumb\",\"itemListElement\":[{\"@type\":\"ListItem\",\"position\":1,\"name\":\"Home\",\"item\":\"https:\\\/\\\/birdsnest.events\\\/\"},{\"@type\":\"ListItem\",\"position\":2,\"name\":\"Impressum\"}]},{\"@type\":\"WebSite\",\"@id\":\"https:\\\/\\\/birdsnest.events\\\/#website\",\"url\":\"https:\\\/\\\/birdsnest.events\\\/\",\"name\":\"birdsnest.events\",\"description\":\"concepts &amp; events\",\"publisher\":{\"@id\":\"https:\\\/\\\/birdsnest.events\\\/#organization\"},\"potentialAction\":[{\"@type\":\"SearchAction\",\"target\":{\"@type\":\"EntryPoint\",\"urlTemplate\":\"https:\\\/\\\/birdsnest.events\\\/?s={search_term_string}\"},\"query-input\":{\"@type\":\"PropertyValueSpecification\",\"valueRequired\":true,\"valueName\":\"search_term_string\"}}],\"inLanguage\":\"en-US\"},{\"@type\":\"Organization\",\"@id\":\"https:\\\/\\\/birdsnest.events\\\/#organization\",\"name\":\"birdsnest.events\",\"url\":\"https:\\\/\\\/birdsnest.events\\\/\",\"logo\":{\"@type\":\"ImageObject\",\"inLanguage\":\"en-US\",\"@id\":\"https:\\\/\\\/birdsnest.events\\\/#\\\/schema\\\/logo\\\/image\\\/\",\"url\":\"https:\\\/\\\/i0.wp.com\\\/birdsnest.events\\\/wp-content\\\/uploads\\\/2023\\\/01\\\/Element-15.png?fit=5353%2C2269&ssl=1\",\"contentUrl\":\"https:\\\/\\\/i0.wp.com\\\/birdsnest.events\\\/wp-content\\\/uploads\\\/2023\\\/01\\\/Element-15.png?fit=5353%2C2269&ssl=1\",\"width\":5353,\"height\":2269,\"caption\":\"birdsnest.events\"},\"image\":{\"@id\":\"https:\\\/\\\/birdsnest.events\\\/#\\\/schema\\\/logo\\\/image\\\/\"}}]}<\/script>\n<!-- \/ Yoast SEO plugin. -->","yoast_head_json":{"title":"Impressum | Bird's Nest Event- und Projektmanagement","description":"Hier findest du rechtliche Informationen \u00fcber Bird's Nest by Ina J\u00e4ger, einschlie\u00dflich Kontaktdaten und Informationen zur Streitbeilegung","robots":{"index":"index","follow":"follow","max-snippet":"max-snippet:-1","max-image-preview":"max-image-preview:large","max-video-preview":"max-video-preview:-1"},"canonical":"https:\/\/birdsnest.events\/en\/impressum\/","og_locale":"en_US","og_type":"article","og_title":"Impressum | Bird's Nest Event- und Projektmanagement","og_description":"Hier findest du rechtliche Informationen \u00fcber Bird's Nest by Ina J\u00e4ger, einschlie\u00dflich Kontaktdaten und Informationen zur Streitbeilegung","og_url":"https:\/\/birdsnest.events\/en\/impressum\/","og_site_name":"birdsnest.events","article_modified_time":"2025-08-27T08:18:05+00:00","og_image":[{"width":512,"height":512,"url":"https:\/\/birdsnest.events\/wp-content\/uploads\/2023\/06\/cropped-FF_Ina_Logo.png","type":"image\/png"}],"twitter_card":"summary_large_image","twitter_misc":{"Est. reading time":"1 minute"},"schema":{"@context":"https:\/\/schema.org","@graph":[{"@type":"WebPage","@id":"https:\/\/birdsnest.events\/impressum\/","url":"https:\/\/birdsnest.events\/impressum\/","name":"Impressum | Bird's Nest Event- und Projektmanagement","isPartOf":{"@id":"https:\/\/birdsnest.events\/#website"},"primaryImageOfPage":{"@id":"https:\/\/birdsnest.events\/impressum\/#primaryimage"},"image":{"@id":"https:\/\/birdsnest.events\/impressum\/#primaryimage"},"thumbnailUrl":"https:\/\/i0.wp.com\/birdsnest.events\/wp-content\/uploads\/2023\/06\/cropped-FF_Ina_Logo.png?fit=512%2C512&ssl=1","datePublished":"2023-05-16T12:29:02+00:00","dateModified":"2025-08-27T08:18:05+00:00","description":"Hier findest du rechtliche Informationen \u00fcber Bird's Nest by Ina J\u00e4ger, einschlie\u00dflich Kontaktdaten und Informationen zur Streitbeilegung","breadcrumb":{"@id":"https:\/\/birdsnest.events\/impressum\/#breadcrumb"},"inLanguage":"en-US","potentialAction":[{"@type":"ReadAction","target":["https:\/\/birdsnest.events\/impressum\/"]}]},{"@type":"ImageObject","inLanguage":"en-US","@id":"https:\/\/birdsnest.events\/impressum\/#primaryimage","url":"https:\/\/i0.wp.com\/birdsnest.events\/wp-content\/uploads\/2023\/06\/cropped-FF_Ina_Logo.png?fit=512%2C512&ssl=1","contentUrl":"https:\/\/i0.wp.com\/birdsnest.events\/wp-content\/uploads\/2023\/06\/cropped-FF_Ina_Logo.png?fit=512%2C512&ssl=1","width":512,"height":512,"caption":"Bird's nest Logo"},{"@type":"BreadcrumbList","@id":"https:\/\/birdsnest.events\/impressum\/#breadcrumb","itemListElement":[{"@type":"ListItem","position":1,"name":"Home","item":"https:\/\/birdsnest.events\/"},{"@type":"ListItem","position":2,"name":"Impressum"}]},{"@type":"WebSite","@id":"https:\/\/birdsnest.events\/#website","url":"https:\/\/birdsnest.events\/","name":"birdsnest.events","description":"concepts &amp; events","publisher":{"@id":"https:\/\/birdsnest.events\/#organization"},"potentialAction":[{"@type":"SearchAction","target":{"@type":"EntryPoint","urlTemplate":"https:\/\/birdsnest.events\/?s={search_term_string}"},"query-input":{"@type":"PropertyValueSpecification","valueRequired":true,"valueName":"search_term_string"}}],"inLanguage":"en-US"},{"@type":"Organization","@id":"https:\/\/birdsnest.events\/#organization","name":"birdsnest.events","url":"https:\/\/birdsnest.events\/","logo":{"@type":"ImageObject","inLanguage":"en-US","@id":"https:\/\/birdsnest.events\/#\/schema\/logo\/image\/","url":"https:\/\/i0.wp.com\/birdsnest.events\/wp-content\/uploads\/2023\/01\/Element-15.png?fit=5353%2C2269&ssl=1","contentUrl":"https:\/\/i0.wp.com\/birdsnest.events\/wp-content\/uploads\/2023\/01\/Element-15.png?fit=5353%2C2269&ssl=1","width":5353,"height":2269,"caption":"birdsnest.events"},"image":{"@id":"https:\/\/birdsnest.events\/#\/schema\/logo\/image\/"}}]}},"jetpack_sharing_enabled":true,"_links":{"self":[{"href":"https:\/\/birdsnest.events\/en\/wp-json\/wp\/v2\/pages\/751","targetHints":{"allow":["GET"]}}],"collection":[{"href":"https:\/\/birdsnest.events\/en\/wp-json\/wp\/v2\/pages"}],"about":[{"href":"https:\/\/birdsnest.events\/en\/wp-json\/wp\/v2\/types\/page"}],"author":[{"embeddable":true,"href":"https:\/\/birdsnest.events\/en\/wp-json\/wp\/v2\/users\/2"}],"replies":[{"embeddable":true,"href":"https:\/\/birdsnest.events\/en\/wp-json\/wp\/v2\/comments?post=751"}],"version-history":[{"count":61,"href":"https:\/\/birdsnest.events\/en\/wp-json\/wp\/v2\/pages\/751\/revisions"}],"predecessor-version":[{"id":2402,"href":"https:\/\/birdsnest.events\/en\/wp-json\/wp\/v2\/pages\/751\/revisions\/2402"}],"wp:featuredmedia":[{"embeddable":true,"href":"https:\/\/birdsnest.events\/en\/wp-json\/wp\/v2\/media\/1558"}],"wp:attachment":[{"href":"https:\/\/birdsnest.events\/en\/wp-json\/wp\/v2\/media?parent=751"}],"curies":[{"name":"wp","href":"https:\/\/api.w.org\/{rel}","templated":true}]}}